{"id":13,"date":"2022-08-19T00:00:35","date_gmt":"2022-08-18T22:00:35","guid":{"rendered":"http:\/\/locations-vacances-reunion.com\/?page_id=13"},"modified":"2025-02-19T06:26:40","modified_gmt":"2025-02-19T05:26:40","slug":"chambre-dhotes-kaz-crisca-ile-de-la-reunion-superbe-vue-sur-locean-saint-leu-kaz-crisca","status":"publish","type":"page","link":"https:\/\/locations-vacances-reunion.com\/","title":{"rendered":"Chambre d&rsquo;h\u00f4tes &#8211; Saint-Leu &#8211;"},"content":{"rendered":"\n<figure class=\"wp-container-2 wp-block-gallery-1 wp-block-gallery has-nested-images columns-default is-cropped\">\n<figure class=\"wp-block-image size-large\"><img loading=\"lazy\" width=\"1024\" height=\"768\" data-id=\"500\"  src=\"https:\/\/locations-vacances-reunion.com\/wp-content\/uploads\/2025\/02\/Kaz-Crisca-13-1-1024x768.jpg\" alt=\"Kaz Crisca ,St Leu, La R\u00e9union .\" class=\"wp-image-500\" srcset=\"https:\/\/locations-vacances-reunion.com\/wp-content\/uploads\/2025\/02\/Kaz-Crisca-13-1-1024x768.jpg 1024w, https:\/\/locations-vacances-reunion.com\/wp-content\/uploads\/2025\/02\/Kaz-Crisca-13-1-300x225.jpg 300w, https:\/\/locations-vacances-reunion.com\/wp-content\/uploads\/2025\/02\/Kaz-Crisca-13-1-768x576.jpg 768w, https:\/\/locations-vacances-reunion.com\/wp-content\/uploads\/2025\/02\/Kaz-Crisca-13-1-1536x1152.jpg 1536w, https:\/\/locations-vacances-reunion.com\/wp-content\/uploads\/2025\/02\/Kaz-Crisca-13-1-2048x1536.jpg 2048w\" sizes=\"(max-width: 1024px) 100vw, 1024px\" \/><\/figure>\n<\/figure>\n\n\n\n<hr class=\"wp-block-separator has-alpha-channel-opacity\"\/>\n\n\n\n<p><strong>La Kaz Crisca<\/strong><\/p>\n\n\n\n<p>Situ\u00e9e \u00e0 seulement quelques minutes de la route des Tamarins (La 4 voies). La Kaz Crisca est l&rsquo;endroit id\u00e9al pour explorer le sud et l&rsquo;ouest de l&rsquo;\u00eele. Gr\u00e2ce \u00e0 son emplacement au milieu de cet axe principal, vous acc\u00e9dez facilement aux sites touristiques majeurs de cette r\u00e9gion. Que vous soyez amateur de randonn\u00e9es, passionn\u00e9 de nature ou en qu\u00eate de d\u00e9tente, vous serez parfaitement situ\u00e9 pour d\u00e9couvrir cette magnifique partie de La R\u00e9union. Une fois vos activit\u00e9s termin\u00e9es, quoi de plus relaxant que de s&rsquo;asseoir sur la terrasse pour profiter de la vue ?<\/p>\n\n\n\n<p><strong>Conseils pour votre s\u00e9jour<\/strong><\/p>\n\n\n\n<p>\u00c0 La R\u00e9union, la vie commence t\u00f4t ! Ainsi, nous vous recommandons de partir de bonne heure pour visiter des sites embl\u00e9matiques comme le Ma\u00efdo ou le volcan. De plus, d&rsquo;autres randonn\u00e9es exceptionnelles, telles que le Bras de la Plaine ou l&rsquo;entr\u00e9e sud du cirque de Mafate, sont \u00e9galement rapidement accessibles gr\u00e2ce \u00e0 la route des Tamarins.<\/p>\n\n\n\n<p><strong>Activit\u00e9s \u00e0 proximit\u00e9<\/strong><\/p>\n\n\n\n<p>Par ailleurs, La Kaz Crisca est \u00e0 quelques minutes en voiture de Saint-Leu, une ville sportive o\u00f9 vous pourrez vous adonner \u00e0 des activit\u00e9s telles que le parapente, la plong\u00e9e ou encore la baignade dans le lagon. En outre, ne manquez pas de visiter K\u00e9lonia, le centre de soins des tortues marines, ainsi que le mus\u00e9e Stella Matutina. De plus, si vous pr\u00e9f\u00e9rez une promenade en bord de mer, la Pointe au Sel est \u00e0 moins de 45 minutes \u00e0 pied de La Kaz. Enfilez vos baskets et partez pour une balade \u00e0 travers la savane de Saint-Leu pour vous rendre \u00e0 ce lieu tr\u00e8s pris\u00e9. Profitez-en \u00e9galement pour visiter le mus\u00e9e du Sel, qui est gratuit ! Enfin, n&rsquo;oubliez pas le march\u00e9 sur le front de mer le samedi matin, o\u00f9 vous pourrez terminer par un petit caf\u00e9 face \u00e0 la mer. Un vrai moment de d\u00e9tente .<\/p>\n\n\n\n<hr class=\"wp-block-separator has-alpha-channel-opacity\"\/>\n\n\n\n<p style=\"font-size:14px\">\u200b<\/p>\n\n\n\n<p><a href=\"https:\/\/locations-vacances-reunion.com\/index.php\/kaz-crisca-la-chambre-dhotes-saint-leu-974-ile-de-la-reunion-vue-mer-entree-inde-terrasse-priveependante-maison-des-proprietaires\/\">La chambre<\/a><\/p>\n\n\n\n<p><a href=\"https:\/\/kazcrisca.blogspot.com\/\" target=\"_blank\" rel=\"noreferrer noopener\">Le Blog<\/a><\/p>\n","protected":false},"excerpt":{"rendered":"<p>La Kaz Crisca Situ\u00e9e \u00e0 seulement quelques minutes de la route des Tamarins (La 4&#8230;<\/p>\n<div class=\"more-link-wrapper\"><a class=\"more-link\" href=\"https:\/\/locations-vacances-reunion.com\/\">Read the post<span class=\"screen-reader-text\">Chambre d&rsquo;h\u00f4tes &#8211; Saint-Leu &#8211;<\/span><\/a><\/div>\n","protected":false},"author":1,"featured_media":0,"parent":0,"menu_order":0,"comment_status":"closed","ping_status":"closed","template":"","meta":[],"yoast_head":"<!-- This site is optimized with the Yoast SEO plugin v20.6 - https:\/\/yoast.com\/wordpress\/plugins\/seo\/ -->\n<title>- Kaz Crisca - Chambre d&#039;h\u00f4tes -<\/title>\n<meta name=\"description\" content=\"Chambre d&#039;h\u00f4tes, Kaz Crisca \u00e0 Saint-Leu - Superbe vue sur l&#039;oc\u00e9an, \u00e0 environ 5 mn des plages et du centre ville. Maison du propri\u00e9taire\" \/>\n<meta name=\"robots\" content=\"index, follow, max-snippet:-1, max-image-preview:large, max-video-preview:-1\" \/>\n<link rel=\"canonical\" href=\"https:\/\/locations-vacances-reunion.com\/\" \/>\n<meta property=\"og:locale\" content=\"fr_FR\" \/>\n<meta property=\"og:type\" content=\"article\" \/>\n<meta property=\"og:title\" content=\"- Kaz Crisca - Chambre d&#039;h\u00f4tes -\" \/>\n<meta property=\"og:url\" content=\"https:\/\/locations-vacances-reunion.com\/\" \/>\n<meta property=\"og:site_name\" content=\"Kaz Crisca - Chambre d&#039;h\u00f4tes -\" \/>\n<meta property=\"article:publisher\" content=\"https:\/\/www.facebook.com\/Kazcrisca\/\" \/>\n<meta property=\"article:modified_time\" content=\"2025-02-19T05:26:40+00:00\" \/>\n<meta property=\"og:image\" content=\"https:\/\/locations-vacances-reunion.com\/wp-content\/uploads\/2025\/02\/Kaz-Crisca-13-1-1024x768.jpg\" \/>\n<meta name=\"twitter:card\" content=\"summary_large_image\" \/>\n<meta name=\"twitter:label1\" content=\"Dur\u00e9e de lecture estim\u00e9e\" \/>\n\t<meta name=\"twitter:data1\" content=\"2 minutes\" \/>\n<script type=\"application\/ld+json\" class=\"yoast-schema-graph\">{\"@context\":\"https:\/\/schema.org\",\"@graph\":[{\"@type\":\"WebPage\",\"@id\":\"https:\/\/locations-vacances-reunion.com\/\",\"url\":\"https:\/\/locations-vacances-reunion.com\/\",\"name\":\"- Kaz Crisca - Chambre d&#039;h\u00f4tes -\",\"isPartOf\":{\"@id\":\"https:\/\/locations-vacances-reunion.com\/#website\"},\"datePublished\":\"2022-08-18T22:00:35+00:00\",\"dateModified\":\"2025-02-19T05:26:40+00:00\",\"description\":\"Chambre d'h\u00f4tes, Kaz Crisca \u00e0 Saint-Leu - Superbe vue sur l'oc\u00e9an, \u00e0 environ 5 mn des plages et du centre ville. Maison du propri\u00e9taire\",\"breadcrumb\":{\"@id\":\"https:\/\/locations-vacances-reunion.com\/#breadcrumb\"},\"inLanguage\":\"fr-FR\",\"potentialAction\":[{\"@type\":\"ReadAction\",\"target\":[\"https:\/\/locations-vacances-reunion.com\/\"]}]},{\"@type\":\"BreadcrumbList\",\"@id\":\"https:\/\/locations-vacances-reunion.com\/#breadcrumb\",\"itemListElement\":[{\"@type\":\"ListItem\",\"position\":1,\"name\":\"Accueil\",\"item\":\"https:\/\/locations-vacances-reunion.com\/\"},{\"@type\":\"ListItem\",\"position\":2,\"name\":\"Chambre d&rsquo;h\u00f4tes &#8211; Saint-Leu &#8211;\"}]},{\"@type\":\"WebSite\",\"@id\":\"https:\/\/locations-vacances-reunion.com\/#website\",\"url\":\"https:\/\/locations-vacances-reunion.com\/\",\"name\":\"Kaz Crisca - Chambre d&#039;h\u00f4tes -\",\"description\":\"\",\"publisher\":{\"@id\":\"https:\/\/locations-vacances-reunion.com\/#organization\"},\"potentialAction\":[{\"@type\":\"SearchAction\",\"target\":{\"@type\":\"EntryPoint\",\"urlTemplate\":\"https:\/\/locations-vacances-reunion.com\/?s={search_term_string}\"},\"query-input\":\"required name=search_term_string\"}],\"inLanguage\":\"fr-FR\"},{\"@type\":\"Organization\",\"@id\":\"https:\/\/locations-vacances-reunion.com\/#organization\",\"name\":\"Kaz Crisca - Chambre d&#039;h\u00f4tes -\",\"url\":\"https:\/\/locations-vacances-reunion.com\/\",\"logo\":{\"@type\":\"ImageObject\",\"inLanguage\":\"fr-FR\",\"@id\":\"https:\/\/locations-vacances-reunion.com\/#\/schema\/logo\/image\/\",\"url\":\"https:\/\/locations-vacances-reunion.com\/wp-content\/uploads\/2021\/10\/logo-bleu-bleu-FIN-2.png\",\"contentUrl\":\"https:\/\/locations-vacances-reunion.com\/wp-content\/uploads\/2021\/10\/logo-bleu-bleu-FIN-2.png\",\"width\":500,\"height\":500,\"caption\":\"Kaz Crisca - Chambre d&#039;h\u00f4tes -\"},\"image\":{\"@id\":\"https:\/\/locations-vacances-reunion.com\/#\/schema\/logo\/image\/\"},\"sameAs\":[\"https:\/\/www.facebook.com\/Kazcrisca\/\"]}]}<\/script>\n<!-- \/ Yoast SEO plugin. -->","yoast_head_json":{"title":"- Kaz Crisca - Chambre d&#039;h\u00f4tes -","description":"Chambre d'h\u00f4tes, Kaz Crisca \u00e0 Saint-Leu - Superbe vue sur l'oc\u00e9an, \u00e0 environ 5 mn des plages et du centre ville. Maison du propri\u00e9taire","robots":{"index":"index","follow":"follow","max-snippet":"max-snippet:-1","max-image-preview":"max-image-preview:large","max-video-preview":"max-video-preview:-1"},"canonical":"https:\/\/locations-vacances-reunion.com\/","og_locale":"fr_FR","og_type":"article","og_title":"- Kaz Crisca - Chambre d&#039;h\u00f4tes -","og_url":"https:\/\/locations-vacances-reunion.com\/","og_site_name":"Kaz Crisca - Chambre d&#039;h\u00f4tes -","article_publisher":"https:\/\/www.facebook.com\/Kazcrisca\/","article_modified_time":"2025-02-19T05:26:40+00:00","og_image":[{"url":"https:\/\/locations-vacances-reunion.com\/wp-content\/uploads\/2025\/02\/Kaz-Crisca-13-1-1024x768.jpg"}],"twitter_card":"summary_large_image","twitter_misc":{"Dur\u00e9e de lecture estim\u00e9e":"2 minutes"},"schema":{"@context":"https:\/\/schema.org","@graph":[{"@type":"WebPage","@id":"https:\/\/locations-vacances-reunion.com\/","url":"https:\/\/locations-vacances-reunion.com\/","name":"- Kaz Crisca - Chambre d&#039;h\u00f4tes -","isPartOf":{"@id":"https:\/\/locations-vacances-reunion.com\/#website"},"datePublished":"2022-08-18T22:00:35+00:00","dateModified":"2025-02-19T05:26:40+00:00","description":"Chambre d'h\u00f4tes, Kaz Crisca \u00e0 Saint-Leu - Superbe vue sur l'oc\u00e9an, \u00e0 environ 5 mn des plages et du centre ville. Maison du propri\u00e9taire","breadcrumb":{"@id":"https:\/\/locations-vacances-reunion.com\/#breadcrumb"},"inLanguage":"fr-FR","potentialAction":[{"@type":"ReadAction","target":["https:\/\/locations-vacances-reunion.com\/"]}]},{"@type":"BreadcrumbList","@id":"https:\/\/locations-vacances-reunion.com\/#breadcrumb","itemListElement":[{"@type":"ListItem","position":1,"name":"Accueil","item":"https:\/\/locations-vacances-reunion.com\/"},{"@type":"ListItem","position":2,"name":"Chambre d&rsquo;h\u00f4tes &#8211; Saint-Leu &#8211;"}]},{"@type":"WebSite","@id":"https:\/\/locations-vacances-reunion.com\/#website","url":"https:\/\/locations-vacances-reunion.com\/","name":"Kaz Crisca - Chambre d&#039;h\u00f4tes -","description":"","publisher":{"@id":"https:\/\/locations-vacances-reunion.com\/#organization"},"potentialAction":[{"@type":"SearchAction","target":{"@type":"EntryPoint","urlTemplate":"https:\/\/locations-vacances-reunion.com\/?s={search_term_string}"},"query-input":"required name=search_term_string"}],"inLanguage":"fr-FR"},{"@type":"Organization","@id":"https:\/\/locations-vacances-reunion.com\/#organization","name":"Kaz Crisca - Chambre d&#039;h\u00f4tes -","url":"https:\/\/locations-vacances-reunion.com\/","logo":{"@type":"ImageObject","inLanguage":"fr-FR","@id":"https:\/\/locations-vacances-reunion.com\/#\/schema\/logo\/image\/","url":"https:\/\/locations-vacances-reunion.com\/wp-content\/uploads\/2021\/10\/logo-bleu-bleu-FIN-2.png","contentUrl":"https:\/\/locations-vacances-reunion.com\/wp-content\/uploads\/2021\/10\/logo-bleu-bleu-FIN-2.png","width":500,"height":500,"caption":"Kaz Crisca - Chambre d&#039;h\u00f4tes -"},"image":{"@id":"https:\/\/locations-vacances-reunion.com\/#\/schema\/logo\/image\/"},"sameAs":["https:\/\/www.facebook.com\/Kazcrisca\/"]}]}},"_links":{"self":[{"href":"https:\/\/locations-vacances-reunion.com\/index.php\/wp-json\/wp\/v2\/pages\/13"}],"collection":[{"href":"https:\/\/locations-vacances-reunion.com\/index.php\/wp-json\/wp\/v2\/pages"}],"about":[{"href":"https:\/\/locations-vacances-reunion.com\/index.php\/wp-json\/wp\/v2\/types\/page"}],"author":[{"embeddable":true,"href":"https:\/\/locations-vacances-reunion.com\/index.php\/wp-json\/wp\/v2\/users\/1"}],"replies":[{"embeddable":true,"href":"https:\/\/locations-vacances-reunion.com\/index.php\/wp-json\/wp\/v2\/comments?post=13"}],"version-history":[{"count":48,"href":"https:\/\/locations-vacances-reunion.com\/index.php\/wp-json\/wp\/v2\/pages\/13\/revisions"}],"predecessor-version":[{"id":513,"href":"https:\/\/locations-vacances-reunion.com\/index.php\/wp-json\/wp\/v2\/pages\/13\/revisions\/513"}],"wp:attachment":[{"href":"https:\/\/locations-vacances-reunion.com\/index.php\/wp-json\/wp\/v2\/media?parent=13"}],"curies":[{"name":"wp","href":"https:\/\/api.w.org\/{rel}","templated":true}]}}